{"id":1188,"date":"2023-11-18T13:47:20","date_gmt":"2023-11-18T12:47:20","guid":{"rendered":"https:\/\/reemakeit.com\/?page_id=1188"},"modified":"2023-11-19T09:15:34","modified_gmt":"2023-11-19T08:15:34","slug":"moyens-de-paiement","status":"publish","type":"page","link":"https:\/\/reemakeit.com\/en\/moyens-de-paiement\/","title":{"rendered":"Moyens de paiement"},"content":{"rendered":"<div data-elementor-type=\"wp-page\" data-elementor-id=\"1188\" class=\"elementor elementor-1188\">\n\t\t\t\t\t\t\t<div class=\"elementor-element elementor-element-921b520 e-flex e-con-boxed e-con e-parent\" data-id=\"921b520\" data-element_type=\"container\" data-settings=\"{&quot;content_width&quot;:&quot;boxed&quot;}\" data-core-v316-plus=\"true\">\n\t\t\t\t\t<div class=\"e-con-inner\">\n\t\t\t\t<div class=\"elementor-element elementor-element-15e76ea elementor-widget elementor-widget-heading\" data-id=\"15e76ea\" data-element_type=\"widget\" data-widget_type=\"heading.default\">\n\t\t\t\t<div class=\"elementor-widget-container\">\n\t\t\t<style>\/*! elementor - v3.17.0 - 08-11-2023 *\/\n.elementor-heading-title{padding:0;margin:0;line-height:1}.elementor-widget-heading .elementor-heading-title[class*=elementor-size-]>a{color:inherit;font-size:inherit;line-height:inherit}.elementor-widget-heading .elementor-heading-title.elementor-size-small{font-size:15px}.elementor-widget-heading .elementor-heading-title.elementor-size-medium{font-size:19px}.elementor-widget-heading .elementor-heading-title.elementor-size-large{font-size:29px}.elementor-widget-heading .elementor-heading-title.elementor-size-xl{font-size:39px}.elementor-widget-heading .elementor-heading-title.elementor-size-xxl{font-size:59px}<\/style><h2 class=\"elementor-heading-title elementor-size-default\">Payment<\/h2>\t\t<\/div>\n\t\t\t\t<\/div>\n\t\t\t\t<div class=\"elementor-element elementor-element-af05363 elementor-widget elementor-widget-text-editor\" data-id=\"af05363\" data-element_type=\"widget\" data-widget_type=\"text-editor.default\">\n\t\t\t\t<div class=\"elementor-widget-container\">\n\t\t\t<style>\/*! elementor - v3.17.0 - 08-11-2023 *\/\n.elementor-widget-text-editor.elementor-drop-cap-view-stacked .elementor-drop-cap{background-color:#69727d;color:#fff}.elementor-widget-text-editor.elementor-drop-cap-view-framed .elementor-drop-cap{color:#69727d;border:3px solid;background-color:transparent}.elementor-widget-text-editor:not(.elementor-drop-cap-view-default) .elementor-drop-cap{margin-top:8px}.elementor-widget-text-editor:not(.elementor-drop-cap-view-default) .elementor-drop-cap-letter{width:1em;height:1em}.elementor-widget-text-editor .elementor-drop-cap{float:left;text-align:center;line-height:1;font-size:50px}.elementor-widget-text-editor .elementor-drop-cap-letter{display:inline-block}<\/style>\t\t\t\t<p>On Reemakeit.com, you can use the following payment methods:<\/p><p>Credit card: Carte Bleue, VISA, MASTERCARD and MAESTRO, American Express.<br \/>The amount will be debited from your card when the corresponding item(s) are dispatched.<\/p><p>PayPal: make your online purchases easily without having to enter your credit card details on the website. Your account will be debited once the items have been dispatched.<\/p><p>*Please note that pre-orders cannot be paid for via PayPal.<\/p><p>Klarna offers 3 flexible payment options, at no extra cost and according to your preference:<\/p><p>1) Pay now: pay the full amount instantly, either via online banking or direct debit.<br \/>2) Pay within 30 days: payment will be processed once the order has been delivered.<br \/>3) Pay in instalments: payment will be processed in 3 or 4 instalments.<\/p><p>*Please note that pre-orders cannot be paid for via Klarna.<\/p>\t\t\t\t\t\t<\/div>\n\t\t\t\t<\/div>\n\t\t\t\t\t<\/div>\n\t\t\t\t<\/div>\n\t\t\t\t\t\t\t<\/div>","protected":false},"excerpt":{"rendered":"<p>Paiement Sur Reemakeit.com, vous pouvez utiliser les moyens de paiement suivants : Carte de cr\u00e9dit : Carte Bleue, VISA, MASTERCARD et MAESTRO, American Express.Le montant sera d\u00e9bit\u00e9 de votre carte \u00e0 l\u2019exp\u00e9dition du ou des articles correspondants. PayPal : proc\u00e9dez facilement \u00e0 vos achats en ligne sans avoir \u00e0 saisir les informations de votre carte &hellip;<\/p>\n<p class=\"read-more\"> <a class=\"\" href=\"https:\/\/reemakeit.com\/en\/moyens-de-paiement\/\"> <span class=\"screen-reader-text\">Moyens de paiement<\/span> Read More &raquo;<\/a><\/p>","protected":false},"author":1,"featured_media":0,"parent":0,"menu_order":0,"comment_status":"closed","ping_status":"closed","template":"","meta":{"site-sidebar-layout":"no-sidebar","site-content-layout":"page-builder","ast-site-content-layout":"full-width-container","site-content-style":"default","site-sidebar-style":"default","ast-global-header-display":"","ast-banner-title-visibility":"","ast-main-header-display":"","ast-hfb-above-header-display":"","ast-hfb-below-header-display":"","ast-hfb-mobile-header-display":"","site-post-title":"disabled","ast-breadcrumbs-content":"","ast-featured-img":"disabled","footer-sml-layout":"","theme-transparent-header-meta":"","adv-header-id-meta":"","stick-header-meta":"","header-above-stick-meta":"","header-main-stick-meta":"","header-below-stick-meta":"","astra-migrate-meta-layouts":"set","ast-page-background-enabled":"default","ast-page-background-meta":{"desktop":{"background-color":"var(--ast-global-color-4)","background-image":"","background-repeat":"repeat","background-position":"center center","background-size":"auto","background-attachment":"scroll","background-type":"","background-media":"","overlay-type":"","overlay-color":"","overlay-gradient":""},"tablet":{"background-color":"","background-image":"","background-repeat":"repeat","background-position":"center center","background-size":"auto","background-attachment":"scroll","background-type":"","background-media":"","overlay-type":"","overlay-color":"","overlay-gradient":""},"mobile":{"background-color":"","background-image":"","background-repeat":"repeat","background-position":"center center","background-size":"auto","background-attachment":"scroll","background-type":"","background-media":"","overlay-type":"","overlay-color":"","overlay-gradient":""}},"ast-content-background-meta":{"desktop":{"background-color":"var(--ast-global-color-5)","background-image":"","background-repeat":"repeat","background-position":"center center","background-size":"auto","background-attachment":"scroll","background-type":"","background-media":"","overlay-type":"","overlay-color":"","overlay-gradient":""},"tablet":{"background-color":"var(--ast-global-color-5)","background-image":"","background-repeat":"repeat","background-position":"center center","background-size":"auto","background-attachment":"scroll","background-type":"","background-media":"","overlay-type":"","overlay-color":"","overlay-gradient":""},"mobile":{"background-color":"var(--ast-global-color-5)","background-image":"","background-repeat":"repeat","background-position":"center center","background-size":"auto","background-attachment":"scroll","background-type":"","background-media":"","overlay-type":"","overlay-color":"","overlay-gradient":""}},"footnotes":""},"yoast_head":"<!-- This site is optimized with the Yoast SEO plugin v22.4 - https:\/\/yoast.com\/wordpress\/plugins\/seo\/ -->\n<title>Moyens de paiement - reemakeit.com<\/title>\n<meta name=\"robots\" content=\"index, follow, max-snippet:-1, max-image-preview:large, max-video-preview:-1\" \/>\n<link rel=\"canonical\" href=\"https:\/\/reemakeit.com\/en\/moyens-de-paiement\/\" \/>\n<meta property=\"og:locale\" content=\"en_GB\" \/>\n<meta property=\"og:type\" content=\"article\" \/>\n<meta property=\"og:title\" content=\"Moyens de paiement - reemakeit.com\" \/>\n<meta property=\"og:description\" content=\"Paiement Sur Reemakeit.com, vous pouvez utiliser les moyens de paiement suivants : Carte de cr\u00e9dit : Carte Bleue, VISA, MASTERCARD et MAESTRO, American Express.Le montant sera d\u00e9bit\u00e9 de votre carte \u00e0 l\u2019exp\u00e9dition du ou des articles correspondants. PayPal : proc\u00e9dez facilement \u00e0 vos achats en ligne sans avoir \u00e0 saisir les informations de votre carte &hellip; Moyens de paiement Read More &raquo;\" \/>\n<meta property=\"og:url\" content=\"https:\/\/reemakeit.com\/en\/moyens-de-paiement\/\" \/>\n<meta property=\"og:site_name\" content=\"reemakeit.com\" \/>\n<meta property=\"article:modified_time\" content=\"2023-11-19T08:15:34+00:00\" \/>\n<meta name=\"twitter:card\" content=\"summary_large_image\" \/>\n<meta name=\"twitter:label1\" content=\"Estimated reading time\" \/>\n\t<meta name=\"twitter:data1\" content=\"1 minute\" \/>\n<script type=\"application\/ld+json\" class=\"yoast-schema-graph\">{\"@context\":\"https:\/\/schema.org\",\"@graph\":[{\"@type\":\"WebPage\",\"@id\":\"https:\/\/reemakeit.com\/moyens-de-paiement\/\",\"url\":\"https:\/\/reemakeit.com\/moyens-de-paiement\/\",\"name\":\"Moyens de paiement - reemakeit.com\",\"isPartOf\":{\"@id\":\"https:\/\/reemakeit.com\/#website\"},\"datePublished\":\"2023-11-18T12:47:20+00:00\",\"dateModified\":\"2023-11-19T08:15:34+00:00\",\"breadcrumb\":{\"@id\":\"https:\/\/reemakeit.com\/moyens-de-paiement\/#breadcrumb\"},\"inLanguage\":\"en-GB\",\"potentialAction\":[{\"@type\":\"ReadAction\",\"target\":[\"https:\/\/reemakeit.com\/moyens-de-paiement\/\"]}]},{\"@type\":\"BreadcrumbList\",\"@id\":\"https:\/\/reemakeit.com\/moyens-de-paiement\/#breadcrumb\",\"itemListElement\":[{\"@type\":\"ListItem\",\"position\":1,\"name\":\"Accueil\",\"item\":\"https:\/\/reemakeit.com\/\"},{\"@type\":\"ListItem\",\"position\":2,\"name\":\"Moyens de paiement\"}]},{\"@type\":\"WebSite\",\"@id\":\"https:\/\/reemakeit.com\/#website\",\"url\":\"https:\/\/reemakeit.com\/\",\"name\":\"reemakeit.com\",\"description\":\"\",\"publisher\":{\"@id\":\"https:\/\/reemakeit.com\/#organization\"},\"potentialAction\":[{\"@type\":\"SearchAction\",\"target\":{\"@type\":\"EntryPoint\",\"urlTemplate\":\"https:\/\/reemakeit.com\/?s={search_term_string}\"},\"query-input\":\"required name=search_term_string\"}],\"inLanguage\":\"en-GB\"},{\"@type\":\"Organization\",\"@id\":\"https:\/\/reemakeit.com\/#organization\",\"name\":\"reemakeit.com\",\"url\":\"https:\/\/reemakeit.com\/\",\"logo\":{\"@type\":\"ImageObject\",\"inLanguage\":\"en-GB\",\"@id\":\"https:\/\/reemakeit.com\/#\/schema\/logo\/image\/\",\"url\":\"https:\/\/reemakeit.com\/wp-content\/uploads\/2023\/11\/image00092.jpeg\",\"contentUrl\":\"https:\/\/reemakeit.com\/wp-content\/uploads\/2023\/11\/image00092.jpeg\",\"width\":1036,\"height\":652,\"caption\":\"reemakeit.com\"},\"image\":{\"@id\":\"https:\/\/reemakeit.com\/#\/schema\/logo\/image\/\"}}]}<\/script>\n<!-- \/ Yoast SEO plugin. -->","yoast_head_json":{"title":"Moyens de paiement - reemakeit.com","robots":{"index":"index","follow":"follow","max-snippet":"max-snippet:-1","max-image-preview":"max-image-preview:large","max-video-preview":"max-video-preview:-1"},"canonical":"https:\/\/reemakeit.com\/en\/moyens-de-paiement\/","og_locale":"en_GB","og_type":"article","og_title":"Moyens de paiement - reemakeit.com","og_description":"Paiement Sur Reemakeit.com, vous pouvez utiliser les moyens de paiement suivants : Carte de cr\u00e9dit : Carte Bleue, VISA, MASTERCARD et MAESTRO, American Express.Le montant sera d\u00e9bit\u00e9 de votre carte \u00e0 l\u2019exp\u00e9dition du ou des articles correspondants. PayPal : proc\u00e9dez facilement \u00e0 vos achats en ligne sans avoir \u00e0 saisir les informations de votre carte &hellip; Moyens de paiement Read More &raquo;","og_url":"https:\/\/reemakeit.com\/en\/moyens-de-paiement\/","og_site_name":"reemakeit.com","article_modified_time":"2023-11-19T08:15:34+00:00","twitter_card":"summary_large_image","twitter_misc":{"Estimated reading time":"1 minute"},"schema":{"@context":"https:\/\/schema.org","@graph":[{"@type":"WebPage","@id":"https:\/\/reemakeit.com\/moyens-de-paiement\/","url":"https:\/\/reemakeit.com\/moyens-de-paiement\/","name":"Moyens de paiement - reemakeit.com","isPartOf":{"@id":"https:\/\/reemakeit.com\/#website"},"datePublished":"2023-11-18T12:47:20+00:00","dateModified":"2023-11-19T08:15:34+00:00","breadcrumb":{"@id":"https:\/\/reemakeit.com\/moyens-de-paiement\/#breadcrumb"},"inLanguage":"en-GB","potentialAction":[{"@type":"ReadAction","target":["https:\/\/reemakeit.com\/moyens-de-paiement\/"]}]},{"@type":"BreadcrumbList","@id":"https:\/\/reemakeit.com\/moyens-de-paiement\/#breadcrumb","itemListElement":[{"@type":"ListItem","position":1,"name":"Accueil","item":"https:\/\/reemakeit.com\/"},{"@type":"ListItem","position":2,"name":"Moyens de paiement"}]},{"@type":"WebSite","@id":"https:\/\/reemakeit.com\/#website","url":"https:\/\/reemakeit.com\/","name":"reemakeit.com","description":"","publisher":{"@id":"https:\/\/reemakeit.com\/#organization"},"potentialAction":[{"@type":"SearchAction","target":{"@type":"EntryPoint","urlTemplate":"https:\/\/reemakeit.com\/?s={search_term_string}"},"query-input":"required name=search_term_string"}],"inLanguage":"en-GB"},{"@type":"Organization","@id":"https:\/\/reemakeit.com\/#organization","name":"reemakeit.com","url":"https:\/\/reemakeit.com\/","logo":{"@type":"ImageObject","inLanguage":"en-GB","@id":"https:\/\/reemakeit.com\/#\/schema\/logo\/image\/","url":"https:\/\/reemakeit.com\/wp-content\/uploads\/2023\/11\/image00092.jpeg","contentUrl":"https:\/\/reemakeit.com\/wp-content\/uploads\/2023\/11\/image00092.jpeg","width":1036,"height":652,"caption":"reemakeit.com"},"image":{"@id":"https:\/\/reemakeit.com\/#\/schema\/logo\/image\/"}}]}},"_links":{"self":[{"href":"https:\/\/reemakeit.com\/en\/wp-json\/wp\/v2\/pages\/1188"}],"collection":[{"href":"https:\/\/reemakeit.com\/en\/wp-json\/wp\/v2\/pages"}],"about":[{"href":"https:\/\/reemakeit.com\/en\/wp-json\/wp\/v2\/types\/page"}],"author":[{"embeddable":true,"href":"https:\/\/reemakeit.com\/en\/wp-json\/wp\/v2\/users\/1"}],"replies":[{"embeddable":true,"href":"https:\/\/reemakeit.com\/en\/wp-json\/wp\/v2\/comments?post=1188"}],"version-history":[{"count":4,"href":"https:\/\/reemakeit.com\/en\/wp-json\/wp\/v2\/pages\/1188\/revisions"}],"predecessor-version":[{"id":1357,"href":"https:\/\/reemakeit.com\/en\/wp-json\/wp\/v2\/pages\/1188\/revisions\/1357"}],"wp:attachment":[{"href":"https:\/\/reemakeit.com\/en\/wp-json\/wp\/v2\/media?parent=1188"}],"curies":[{"name":"wp","href":"https:\/\/api.w.org\/{rel}","templated":true}]}}