{"id":1191,"date":"2023-11-18T13:47:42","date_gmt":"2023-11-18T12:47:42","guid":{"rendered":"https:\/\/reemakeit.com\/?page_id=1191"},"modified":"2023-11-19T09:21:56","modified_gmt":"2023-11-19T08:21:56","slug":"gestion-des-cookies","status":"publish","type":"page","link":"https:\/\/reemakeit.com\/en\/gestion-des-cookies\/","title":{"rendered":"Cookie management"},"content":{"rendered":"<div data-elementor-type=\"wp-page\" data-elementor-id=\"1191\" class=\"elementor elementor-1191\">\n\t\t\t\t\t\t\t<div class=\"elementor-element elementor-element-516e342 e-flex e-con-boxed e-con e-parent\" data-id=\"516e342\" data-element_type=\"container\" data-settings=\"{&quot;content_width&quot;:&quot;boxed&quot;}\" data-core-v316-plus=\"true\">\n\t\t\t\t\t<div class=\"e-con-inner\">\n\t\t\t\t<div class=\"elementor-element elementor-element-81b6f95 elementor-widget elementor-widget-heading\" data-id=\"81b6f95\" data-element_type=\"widget\" data-widget_type=\"heading.default\">\n\t\t\t\t<div class=\"elementor-widget-container\">\n\t\t\t<style>\/*! elementor - v3.17.0 - 08-11-2023 *\/\n.elementor-heading-title{padding:0;margin:0;line-height:1}.elementor-widget-heading .elementor-heading-title[class*=elementor-size-]>a{color:inherit;font-size:inherit;line-height:inherit}.elementor-widget-heading .elementor-heading-title.elementor-size-small{font-size:15px}.elementor-widget-heading .elementor-heading-title.elementor-size-medium{font-size:19px}.elementor-widget-heading .elementor-heading-title.elementor-size-large{font-size:29px}.elementor-widget-heading .elementor-heading-title.elementor-size-xl{font-size:39px}.elementor-widget-heading .elementor-heading-title.elementor-size-xxl{font-size:59px}<\/style><h2 class=\"elementor-heading-title elementor-size-default\">Cookie management<\/h2>\t\t<\/div>\n\t\t\t\t<\/div>\n\t\t\t\t<div class=\"elementor-element elementor-element-3a47ec8 elementor-widget elementor-widget-text-editor\" data-id=\"3a47ec8\" data-element_type=\"widget\" data-widget_type=\"text-editor.default\">\n\t\t\t\t<div class=\"elementor-widget-container\">\n\t\t\t<style>\/*! elementor - v3.17.0 - 08-11-2023 *\/\n.elementor-widget-text-editor.elementor-drop-cap-view-stacked .elementor-drop-cap{background-color:#69727d;color:#fff}.elementor-widget-text-editor.elementor-drop-cap-view-framed .elementor-drop-cap{color:#69727d;border:3px solid;background-color:transparent}.elementor-widget-text-editor:not(.elementor-drop-cap-view-default) .elementor-drop-cap{margin-top:8px}.elementor-widget-text-editor:not(.elementor-drop-cap-view-default) .elementor-drop-cap-letter{width:1em;height:1em}.elementor-widget-text-editor .elementor-drop-cap{float:left;text-align:center;line-height:1;font-size:50px}.elementor-widget-text-editor .elementor-drop-cap-letter{display:inline-block}<\/style>\t\t\t\t<p>Our Site is particularly attentive to the needs of our customers.<\/p><p>We use cookies to provide you with the personalized service intended for you and relevance in the services and offers offered to you.<\/p><p>1. WHAT IS A COOKIE<\/p><p>A cookie is information placed on your terminal by the server of the site you are visiting. It contains several pieces of data: the name of the server which deposited it; an identifier in the form of a unique number, possibly an expiration date, etc.<\/p><p>This information is sometimes stored on your computer in a simple text file that a server accesses to read and record information.<\/p><p>2. WHAT IS THE ROLE OF COOKIES?<\/p><p>Cookies play an essential role in how the reemakeit.com site works. Their main objective is to improve your experience on the site.<\/p><p>Certain cookies allow you to memorize your preferences and certain information relating to your navigation on our Site (pages viewed, etc.). For example, it is thanks to cookies that the reemakeit.com site memorizes your basket so that you can make your online purchases.<\/p><p>The cookies issued by our company are used in particular to improve the presentation of the site and information relating to the products offered (thus aiming to make this information more relevant according to the preferences expressed by the Internet user).<\/p><p>Cookies also make it possible to better adapt and personalize the offers offered to you.<\/p><p>We use several types of cookies:<br \/>\u2022 Cookies strictly necessary for site navigation<br \/>\u2022 Cookies that allow you to identify yourself and therefore access your account, your order basket, etc.<br \/>\u2022 Cookies which allow you to memorize the elements which open on the site in the form of windows (or other) and which you have already viewed during a previous visit.<br \/>\u2022 Cookies which allow the presentation of the site to be adapted to the display preferences of the terminal<br \/>\u2022 Cookies which allow visitor statistics to be established.<br \/>\u2022 Cookies which make it possible to evaluate the general use of the website by Internet users.<br \/>\u2022 Cookies which make it possible to provide offers related to the interests of Internet users.<br \/>\u2022 Advertising cookies that may be placed on your terminal, in order to identify your interests through the products viewed on our site and to collect navigation data in order to personalize the advertising offer sent to you (more relevant and adapted) outside our site by our partners.<br \/>It is also thanks to them that we can offer you a selection of appropriate products and services.<\/p><p>Other cookies are issued by third parties; there is no exhaustive list of third-party cookies as it is constantly evolving.<\/p><p>3. HOW TO SET YOUR COMPUTER TO ACCEPT OR REFUSE COOKIES?<\/p><p>At any time, you can decide to configure your computer to accept or refuse cookies.<br \/>Please note, however, that this may affect your browsing comfort and prevent you from accessing certain services.<\/p><p>You have the possibility :<br \/>\u2022 Either systematically record all cookies issued on the visited website; This setting is in principle the one that is active by default on your computer.<br \/>\u2022 Either configure your browser software so that it allows you to accept or, on the contrary, refuse the various cookies that may be offered to you regularly.<br \/>The agreement thus given is valid for a maximum period of 13 months from the first deposit in the terminal equipment. You can modify your cookie choices at any time via the cookie manager accessible here: Configure my cookies<br \/>\u2022 Or systematically refuse all cookies issued on the visited website<\/p><p>If you refuse cookies issued by our company or delete cookies already saved by our company, you may not be able to benefit from certain content and services on our site (in particular cookies allowing the creation of an online account or the use of certain features of the reemakeit.com site).<\/p><p>Where applicable, we decline all responsibility for the consequences linked to the degraded functioning of our services, due to the impossibility for our services to record or consult the cookies that you have decided to delete or refuse.<br \/>Either configure your browser software so that it allows you to accept or, on the contrary, refuse the various cookies that may be offered to you regularly.<\/p><p>Depending on what you want and depending on the browser you are using, you must go to the page provided for this purpose in order to configure your computer, namely:<br \/>For Google Chrome: https:\/\/support.google.com\/chrome\/answer\/95647?hl=fr<br \/>For Safari: https:\/\/www.apple.com\/legal\/privacy\/fr-ww\/cookies\/<br \/>For Mozilla Firefox: https:\/\/support.mozilla.org\/fr\/kb\/activate-deactivate-cookies<br \/>For Edge: https:\/\/privacy.microsoft.com\/en-us\/windows-10-microsoft-edge-and-privacy<br \/>For Opera: http:\/\/help.opera.com\/Windows\/10.20\/fr\/cookies.html<\/p>\t\t\t\t\t\t<\/div>\n\t\t\t\t<\/div>\n\t\t\t\t\t<\/div>\n\t\t\t\t<\/div>\n\t\t\t\t\t\t\t<\/div>","protected":false},"excerpt":{"rendered":"<p>Gestion des cookies Notre Site est particuli\u00e8rement attentif aux besoins de nos clients. Nous utilisons des cookies pour vous apporter le service personnalis\u00e9 qui vous est destin\u00e9 et une pertinence dans les services et offres qui vous sont propos\u00e9s. 1. QU\u2019EST CE QU\u2019UN COOKIE Un cookie est une information d\u00e9pos\u00e9e sur votre terminal par le &hellip;<\/p>\n<p class=\"read-more\"> <a class=\"\" href=\"https:\/\/reemakeit.com\/en\/gestion-des-cookies\/\"> <span class=\"screen-reader-text\">Cookie management<\/span> Read More &raquo;<\/a><\/p>","protected":false},"author":1,"featured_media":0,"parent":0,"menu_order":0,"comment_status":"closed","ping_status":"closed","template":"","meta":{"site-sidebar-layout":"no-sidebar","site-content-layout":"page-builder","ast-site-content-layout":"full-width-container","site-content-style":"default","site-sidebar-style":"default","ast-global-header-display":"","ast-banner-title-visibility":"","ast-main-header-display":"","ast-hfb-above-header-display":"","ast-hfb-below-header-display":"","ast-hfb-mobile-header-display":"","site-post-title":"disabled","ast-breadcrumbs-content":"","ast-featured-img":"disabled","footer-sml-layout":"","theme-transparent-header-meta":"","adv-header-id-meta":"","stick-header-meta":"","header-above-stick-meta":"","header-main-stick-meta":"","header-below-stick-meta":"","astra-migrate-meta-layouts":"set","ast-page-background-enabled":"default","ast-page-background-meta":{"desktop":{"background-color":"var(--ast-global-color-4)","background-image":"","background-repeat":"repeat","background-position":"center center","background-size":"auto","background-attachment":"scroll","background-type":"","background-media":"","overlay-type":"","overlay-color":"","overlay-gradient":""},"tablet":{"background-color":"","background-image":"","background-repeat":"repeat","background-position":"center center","background-size":"auto","background-attachment":"scroll","background-type":"","background-media":"","overlay-type":"","overlay-color":"","overlay-gradient":""},"mobile":{"background-color":"","background-image":"","background-repeat":"repeat","background-position":"center center","background-size":"auto","background-attachment":"scroll","background-type":"","background-media":"","overlay-type":"","overlay-color":"","overlay-gradient":""}},"ast-content-background-meta":{"desktop":{"background-color":"var(--ast-global-color-5)","background-image":"","background-repeat":"repeat","background-position":"center center","background-size":"auto","background-attachment":"scroll","background-type":"","background-media":"","overlay-type":"","overlay-color":"","overlay-gradient":""},"tablet":{"background-color":"var(--ast-global-color-5)","background-image":"","background-repeat":"repeat","background-position":"center center","background-size":"auto","background-attachment":"scroll","background-type":"","background-media":"","overlay-type":"","overlay-color":"","overlay-gradient":""},"mobile":{"background-color":"var(--ast-global-color-5)","background-image":"","background-repeat":"repeat","background-position":"center center","background-size":"auto","background-attachment":"scroll","background-type":"","background-media":"","overlay-type":"","overlay-color":"","overlay-gradient":""}},"footnotes":""},"yoast_head":"<!-- This site is optimized with the Yoast SEO plugin v22.4 - https:\/\/yoast.com\/wordpress\/plugins\/seo\/ -->\n<title>Gestion des cookies - reemakeit.com<\/title>\n<meta name=\"robots\" content=\"index, follow, max-snippet:-1, max-image-preview:large, max-video-preview:-1\" \/>\n<link rel=\"canonical\" href=\"https:\/\/reemakeit.com\/en\/gestion-des-cookies\/\" \/>\n<meta property=\"og:locale\" content=\"en_GB\" \/>\n<meta property=\"og:type\" content=\"article\" \/>\n<meta property=\"og:title\" content=\"Gestion des cookies - reemakeit.com\" \/>\n<meta property=\"og:description\" content=\"Gestion des cookies Notre Site est particuli\u00e8rement attentif aux besoins de nos clients. Nous utilisons des cookies pour vous apporter le service personnalis\u00e9 qui vous est destin\u00e9 et une pertinence dans les services et offres qui vous sont propos\u00e9s. 1. QU\u2019EST CE QU\u2019UN COOKIE Un cookie est une information d\u00e9pos\u00e9e sur votre terminal par le &hellip; Gestion des cookies Read More &raquo;\" \/>\n<meta property=\"og:url\" content=\"https:\/\/reemakeit.com\/en\/gestion-des-cookies\/\" \/>\n<meta property=\"og:site_name\" content=\"reemakeit.com\" \/>\n<meta property=\"article:modified_time\" content=\"2023-11-19T08:21:56+00:00\" \/>\n<meta name=\"twitter:card\" content=\"summary_large_image\" \/>\n<meta name=\"twitter:label1\" content=\"Estimated reading time\" \/>\n\t<meta name=\"twitter:data1\" content=\"5 minutes\" \/>\n<script type=\"application\/ld+json\" class=\"yoast-schema-graph\">{\"@context\":\"https:\/\/schema.org\",\"@graph\":[{\"@type\":\"WebPage\",\"@id\":\"https:\/\/reemakeit.com\/gestion-des-cookies\/\",\"url\":\"https:\/\/reemakeit.com\/gestion-des-cookies\/\",\"name\":\"Gestion des cookies - reemakeit.com\",\"isPartOf\":{\"@id\":\"https:\/\/reemakeit.com\/#website\"},\"datePublished\":\"2023-11-18T12:47:42+00:00\",\"dateModified\":\"2023-11-19T08:21:56+00:00\",\"breadcrumb\":{\"@id\":\"https:\/\/reemakeit.com\/gestion-des-cookies\/#breadcrumb\"},\"inLanguage\":\"en-GB\",\"potentialAction\":[{\"@type\":\"ReadAction\",\"target\":[\"https:\/\/reemakeit.com\/gestion-des-cookies\/\"]}]},{\"@type\":\"BreadcrumbList\",\"@id\":\"https:\/\/reemakeit.com\/gestion-des-cookies\/#breadcrumb\",\"itemListElement\":[{\"@type\":\"ListItem\",\"position\":1,\"name\":\"Accueil\",\"item\":\"https:\/\/reemakeit.com\/\"},{\"@type\":\"ListItem\",\"position\":2,\"name\":\"Gestion des cookies\"}]},{\"@type\":\"WebSite\",\"@id\":\"https:\/\/reemakeit.com\/#website\",\"url\":\"https:\/\/reemakeit.com\/\",\"name\":\"reemakeit.com\",\"description\":\"\",\"publisher\":{\"@id\":\"https:\/\/reemakeit.com\/#organization\"},\"potentialAction\":[{\"@type\":\"SearchAction\",\"target\":{\"@type\":\"EntryPoint\",\"urlTemplate\":\"https:\/\/reemakeit.com\/?s={search_term_string}\"},\"query-input\":\"required name=search_term_string\"}],\"inLanguage\":\"en-GB\"},{\"@type\":\"Organization\",\"@id\":\"https:\/\/reemakeit.com\/#organization\",\"name\":\"reemakeit.com\",\"url\":\"https:\/\/reemakeit.com\/\",\"logo\":{\"@type\":\"ImageObject\",\"inLanguage\":\"en-GB\",\"@id\":\"https:\/\/reemakeit.com\/#\/schema\/logo\/image\/\",\"url\":\"https:\/\/reemakeit.com\/wp-content\/uploads\/2023\/11\/image00092.jpeg\",\"contentUrl\":\"https:\/\/reemakeit.com\/wp-content\/uploads\/2023\/11\/image00092.jpeg\",\"width\":1036,\"height\":652,\"caption\":\"reemakeit.com\"},\"image\":{\"@id\":\"https:\/\/reemakeit.com\/#\/schema\/logo\/image\/\"}}]}<\/script>\n<!-- \/ Yoast SEO plugin. -->","yoast_head_json":{"title":"Gestion des cookies - reemakeit.com","robots":{"index":"index","follow":"follow","max-snippet":"max-snippet:-1","max-image-preview":"max-image-preview:large","max-video-preview":"max-video-preview:-1"},"canonical":"https:\/\/reemakeit.com\/en\/gestion-des-cookies\/","og_locale":"en_GB","og_type":"article","og_title":"Gestion des cookies - reemakeit.com","og_description":"Gestion des cookies Notre Site est particuli\u00e8rement attentif aux besoins de nos clients. Nous utilisons des cookies pour vous apporter le service personnalis\u00e9 qui vous est destin\u00e9 et une pertinence dans les services et offres qui vous sont propos\u00e9s. 1. QU\u2019EST CE QU\u2019UN COOKIE Un cookie est une information d\u00e9pos\u00e9e sur votre terminal par le &hellip; Gestion des cookies Read More &raquo;","og_url":"https:\/\/reemakeit.com\/en\/gestion-des-cookies\/","og_site_name":"reemakeit.com","article_modified_time":"2023-11-19T08:21:56+00:00","twitter_card":"summary_large_image","twitter_misc":{"Estimated reading time":"5 minutes"},"schema":{"@context":"https:\/\/schema.org","@graph":[{"@type":"WebPage","@id":"https:\/\/reemakeit.com\/gestion-des-cookies\/","url":"https:\/\/reemakeit.com\/gestion-des-cookies\/","name":"Gestion des cookies - reemakeit.com","isPartOf":{"@id":"https:\/\/reemakeit.com\/#website"},"datePublished":"2023-11-18T12:47:42+00:00","dateModified":"2023-11-19T08:21:56+00:00","breadcrumb":{"@id":"https:\/\/reemakeit.com\/gestion-des-cookies\/#breadcrumb"},"inLanguage":"en-GB","potentialAction":[{"@type":"ReadAction","target":["https:\/\/reemakeit.com\/gestion-des-cookies\/"]}]},{"@type":"BreadcrumbList","@id":"https:\/\/reemakeit.com\/gestion-des-cookies\/#breadcrumb","itemListElement":[{"@type":"ListItem","position":1,"name":"Accueil","item":"https:\/\/reemakeit.com\/"},{"@type":"ListItem","position":2,"name":"Gestion des cookies"}]},{"@type":"WebSite","@id":"https:\/\/reemakeit.com\/#website","url":"https:\/\/reemakeit.com\/","name":"reemakeit.com","description":"","publisher":{"@id":"https:\/\/reemakeit.com\/#organization"},"potentialAction":[{"@type":"SearchAction","target":{"@type":"EntryPoint","urlTemplate":"https:\/\/reemakeit.com\/?s={search_term_string}"},"query-input":"required name=search_term_string"}],"inLanguage":"en-GB"},{"@type":"Organization","@id":"https:\/\/reemakeit.com\/#organization","name":"reemakeit.com","url":"https:\/\/reemakeit.com\/","logo":{"@type":"ImageObject","inLanguage":"en-GB","@id":"https:\/\/reemakeit.com\/#\/schema\/logo\/image\/","url":"https:\/\/reemakeit.com\/wp-content\/uploads\/2023\/11\/image00092.jpeg","contentUrl":"https:\/\/reemakeit.com\/wp-content\/uploads\/2023\/11\/image00092.jpeg","width":1036,"height":652,"caption":"reemakeit.com"},"image":{"@id":"https:\/\/reemakeit.com\/#\/schema\/logo\/image\/"}}]}},"_links":{"self":[{"href":"https:\/\/reemakeit.com\/en\/wp-json\/wp\/v2\/pages\/1191"}],"collection":[{"href":"https:\/\/reemakeit.com\/en\/wp-json\/wp\/v2\/pages"}],"about":[{"href":"https:\/\/reemakeit.com\/en\/wp-json\/wp\/v2\/types\/page"}],"author":[{"embeddable":true,"href":"https:\/\/reemakeit.com\/en\/wp-json\/wp\/v2\/users\/1"}],"replies":[{"embeddable":true,"href":"https:\/\/reemakeit.com\/en\/wp-json\/wp\/v2\/comments?post=1191"}],"version-history":[{"count":4,"href":"https:\/\/reemakeit.com\/en\/wp-json\/wp\/v2\/pages\/1191\/revisions"}],"predecessor-version":[{"id":1369,"href":"https:\/\/reemakeit.com\/en\/wp-json\/wp\/v2\/pages\/1191\/revisions\/1369"}],"wp:attachment":[{"href":"https:\/\/reemakeit.com\/en\/wp-json\/wp\/v2\/media?parent=1191"}],"curies":[{"name":"wp","href":"https:\/\/api.w.org\/{rel}","templated":true}]}}