{"id":1549,"date":"2023-12-04T17:53:25","date_gmt":"2023-12-04T16:53:25","guid":{"rendered":"https:\/\/reemakeit.com\/?post_type=product&#038;p=1549"},"modified":"2024-05-24T21:32:01","modified_gmt":"2024-05-24T19:32:01","slug":"bomber-ma-jean-en-nylon-et-patchwork-de-denim","status":"publish","type":"product","link":"https:\/\/reemakeit.com\/en\/product\/bomber-ma-jean-en-nylon-et-patchwork-de-denim\/","title":{"rendered":"MA-JEAN BOMBER IN NYLON AND DENIM PATCHWORK"},"content":{"rendered":"<p style=\"margin: 0cm;\"><span style=\"font-size: 9.0pt; font-family: 'Helvetica Neue',serif;\">An original creation by Reemake It\u00ae, the MA-JEAN Bomber, whose real military name is the MA-1, was once designed for US Army pilots, long before it became a must-have.<\/span><\/p>\n<p style=\"margin: 0cm;\"><span style=\"font-size: 9.0pt; font-family: 'Helvetica Neue',serif;\">The Denim Destroy patchwork breathes new life into this iconic piece, giving it an original, avant-garde style for the pleasure of those of us who want to stand out from the crowd.<\/span><\/p>","protected":false},"excerpt":{"rendered":"<p>Cr\u00e9ation originale par Reemake It\u00ae, le Bomber MA-JEAN de son vrai nom militaire le MA-1, \u00e9tait autrefois con\u00e7u pour les pilotes de l\u2019arm\u00e9e am\u00e9ricaine, bien avant de devenir un incontournable. Le patchwork Denim destroy redonne vie \u00e0 cette pi\u00e8ce embl\u00e9matique, et lui conf\u00e8re un style originale et avant gardiste pour le plaisir de ceux qui &hellip;<\/p>\n<p class=\"read-more\"> <a class=\"\" href=\"https:\/\/reemakeit.com\/en\/product\/bomber-ma-jean-en-nylon-et-patchwork-de-denim\/\"> <span class=\"screen-reader-text\">MA-JEAN BOMBER IN NYLON AND DENIM PATCHWORK<\/span> Read More &raquo;<\/a><\/p>","protected":false},"featured_media":1299,"template":"","meta":{"site-sidebar-layout":"default","site-content-layout":"","ast-site-content-layout":"default","site-content-style":"default","site-sidebar-style":"default","ast-global-header-display":"","ast-banner-title-visibility":"","ast-main-header-display":"","ast-hfb-above-header-display":"","ast-hfb-below-header-display":"","ast-hfb-mobile-header-display":"","site-post-title":"","ast-breadcrumbs-content":"","ast-featured-img":"","footer-sml-layout":"","theme-transparent-header-meta":"default","adv-header-id-meta":"","stick-header-meta":"","header-above-stick-meta":"","header-main-stick-meta":"","header-below-stick-meta":"","astra-migrate-meta-layouts":"set","ast-page-background-enabled":"default","ast-page-background-meta":{"desktop":{"background-color":"var(--ast-global-color-4)","background-image":"","background-repeat":"repeat","background-position":"center center","background-size":"auto","background-attachment":"scroll","background-type":"","background-media":"","overlay-type":"","overlay-color":"","overlay-gradient":""},"tablet":{"background-color":"","background-image":"","background-repeat":"repeat","background-position":"center center","background-size":"auto","background-attachment":"scroll","background-type":"","background-media":"","overlay-type":"","overlay-color":"","overlay-gradient":""},"mobile":{"background-color":"","background-image":"","background-repeat":"repeat","background-position":"center center","background-size":"auto","background-attachment":"scroll","background-type":"","background-media":"","overlay-type":"","overlay-color":"","overlay-gradient":""}},"ast-content-background-meta":{"desktop":{"background-color":"var(--ast-global-color-5)","background-image":"","background-repeat":"repeat","background-position":"center center","background-size":"auto","background-attachment":"scroll","background-type":"","background-media":"","overlay-type":"","overlay-color":"","overlay-gradient":""},"tablet":{"background-color":"var(--ast-global-color-5)","background-image":"","background-repeat":"repeat","background-position":"center center","background-size":"auto","background-attachment":"scroll","background-type":"","background-media":"","overlay-type":"","overlay-color":"","overlay-gradient":""},"mobile":{"background-color":"var(--ast-global-color-5)","background-image":"","background-repeat":"repeat","background-position":"center center","background-size":"auto","background-attachment":"scroll","background-type":"","background-media":"","overlay-type":"","overlay-color":"","overlay-gradient":""}}},"product_cat":[27],"product_tag":[],"yoast_head":"<!-- This site is optimized with the Yoast SEO plugin v22.4 - https:\/\/yoast.com\/wordpress\/plugins\/seo\/ -->\n<title>BOMBER MA-JEAN EN NYLON ET PATCHWORK DE DENIM - reemakeit.com<\/title>\n<meta name=\"robots\" content=\"index, follow, max-snippet:-1, max-image-preview:large, max-video-preview:-1\" \/>\n<link rel=\"canonical\" href=\"https:\/\/reemakeit.com\/en\/product\/bomber-ma-jean-en-nylon-et-patchwork-de-denim\/\" \/>\n<meta property=\"og:locale\" content=\"en_GB\" \/>\n<meta property=\"og:type\" content=\"article\" \/>\n<meta property=\"og:title\" content=\"BOMBER MA-JEAN EN NYLON ET PATCHWORK DE DENIM - reemakeit.com\" \/>\n<meta property=\"og:description\" content=\"Cr\u00e9ation originale par Reemake It\u00ae, le Bomber MA-JEAN de son vrai nom militaire le MA-1, \u00e9tait autrefois con\u00e7u pour les pilotes de l\u2019arm\u00e9e am\u00e9ricaine, bien avant de devenir un incontournable. Le patchwork Denim destroy redonne vie \u00e0 cette pi\u00e8ce embl\u00e9matique, et lui conf\u00e8re un style originale et avant gardiste pour le plaisir de ceux qui &hellip; BOMBER MA-JEAN EN NYLON ET PATCHWORK DE DENIM Read More &raquo;\" \/>\n<meta property=\"og:url\" content=\"https:\/\/reemakeit.com\/en\/product\/bomber-ma-jean-en-nylon-et-patchwork-de-denim\/\" \/>\n<meta property=\"og:site_name\" content=\"reemakeit.com\" \/>\n<meta property=\"article:modified_time\" content=\"2024-05-24T19:32:01+00:00\" \/>\n<meta property=\"og:image\" content=\"https:\/\/reemakeit.com\/wp-content\/uploads\/2023\/11\/image00009-scaled.jpg\" \/>\n\t<meta property=\"og:image:width\" content=\"1708\" \/>\n\t<meta property=\"og:image:height\" content=\"2560\" \/>\n\t<meta property=\"og:image:type\" content=\"image\/jpeg\" \/>\n<meta name=\"twitter:card\" content=\"summary_large_image\" \/>\n<script type=\"application\/ld+json\" class=\"yoast-schema-graph\">{\"@context\":\"https:\/\/schema.org\",\"@graph\":[{\"@type\":\"WebPage\",\"@id\":\"https:\/\/reemakeit.com\/product\/bomber-ma-jean-en-nylon-et-patchwork-de-denim\/\",\"url\":\"https:\/\/reemakeit.com\/product\/bomber-ma-jean-en-nylon-et-patchwork-de-denim\/\",\"name\":\"BOMBER MA-JEAN EN NYLON ET PATCHWORK DE DENIM - reemakeit.com\",\"isPartOf\":{\"@id\":\"https:\/\/reemakeit.com\/#website\"},\"primaryImageOfPage\":{\"@id\":\"https:\/\/reemakeit.com\/product\/bomber-ma-jean-en-nylon-et-patchwork-de-denim\/#primaryimage\"},\"image\":{\"@id\":\"https:\/\/reemakeit.com\/product\/bomber-ma-jean-en-nylon-et-patchwork-de-denim\/#primaryimage\"},\"thumbnailUrl\":\"https:\/\/reemakeit.com\/wp-content\/uploads\/2023\/11\/image00009-scaled.jpg\",\"datePublished\":\"2023-12-04T16:53:25+00:00\",\"dateModified\":\"2024-05-24T19:32:01+00:00\",\"breadcrumb\":{\"@id\":\"https:\/\/reemakeit.com\/product\/bomber-ma-jean-en-nylon-et-patchwork-de-denim\/#breadcrumb\"},\"inLanguage\":\"en-GB\",\"potentialAction\":[{\"@type\":\"ReadAction\",\"target\":[\"https:\/\/reemakeit.com\/product\/bomber-ma-jean-en-nylon-et-patchwork-de-denim\/\"]}]},{\"@type\":\"ImageObject\",\"inLanguage\":\"en-GB\",\"@id\":\"https:\/\/reemakeit.com\/product\/bomber-ma-jean-en-nylon-et-patchwork-de-denim\/#primaryimage\",\"url\":\"https:\/\/reemakeit.com\/wp-content\/uploads\/2023\/11\/image00009-scaled.jpg\",\"contentUrl\":\"https:\/\/reemakeit.com\/wp-content\/uploads\/2023\/11\/image00009-scaled.jpg\",\"width\":1708,\"height\":2560},{\"@type\":\"BreadcrumbList\",\"@id\":\"https:\/\/reemakeit.com\/product\/bomber-ma-jean-en-nylon-et-patchwork-de-denim\/#breadcrumb\",\"itemListElement\":[{\"@type\":\"ListItem\",\"position\":1,\"name\":\"Accueil\",\"item\":\"https:\/\/reemakeit.com\/\"},{\"@type\":\"ListItem\",\"position\":2,\"name\":\"Shop\",\"item\":\"https:\/\/reemakeit.com\/shop\/\"},{\"@type\":\"ListItem\",\"position\":3,\"name\":\"BOMBER MA-JEAN EN NYLON ET PATCHWORK DE DENIM\"}]},{\"@type\":\"WebSite\",\"@id\":\"https:\/\/reemakeit.com\/#website\",\"url\":\"https:\/\/reemakeit.com\/\",\"name\":\"reemakeit.com\",\"description\":\"\",\"publisher\":{\"@id\":\"https:\/\/reemakeit.com\/#organization\"},\"potentialAction\":[{\"@type\":\"SearchAction\",\"target\":{\"@type\":\"EntryPoint\",\"urlTemplate\":\"https:\/\/reemakeit.com\/?s={search_term_string}\"},\"query-input\":\"required name=search_term_string\"}],\"inLanguage\":\"en-GB\"},{\"@type\":\"Organization\",\"@id\":\"https:\/\/reemakeit.com\/#organization\",\"name\":\"reemakeit.com\",\"url\":\"https:\/\/reemakeit.com\/\",\"logo\":{\"@type\":\"ImageObject\",\"inLanguage\":\"en-GB\",\"@id\":\"https:\/\/reemakeit.com\/#\/schema\/logo\/image\/\",\"url\":\"https:\/\/reemakeit.com\/wp-content\/uploads\/2023\/11\/image00092.jpeg\",\"contentUrl\":\"https:\/\/reemakeit.com\/wp-content\/uploads\/2023\/11\/image00092.jpeg\",\"width\":1036,\"height\":652,\"caption\":\"reemakeit.com\"},\"image\":{\"@id\":\"https:\/\/reemakeit.com\/#\/schema\/logo\/image\/\"}}]}<\/script>\n<!-- \/ Yoast SEO plugin. -->","yoast_head_json":{"title":"BOMBER MA-JEAN EN NYLON ET PATCHWORK DE DENIM - reemakeit.com","robots":{"index":"index","follow":"follow","max-snippet":"max-snippet:-1","max-image-preview":"max-image-preview:large","max-video-preview":"max-video-preview:-1"},"canonical":"https:\/\/reemakeit.com\/en\/product\/bomber-ma-jean-en-nylon-et-patchwork-de-denim\/","og_locale":"en_GB","og_type":"article","og_title":"BOMBER MA-JEAN EN NYLON ET PATCHWORK DE DENIM - reemakeit.com","og_description":"Cr\u00e9ation originale par Reemake It\u00ae, le Bomber MA-JEAN de son vrai nom militaire le MA-1, \u00e9tait autrefois con\u00e7u pour les pilotes de l\u2019arm\u00e9e am\u00e9ricaine, bien avant de devenir un incontournable. Le patchwork Denim destroy redonne vie \u00e0 cette pi\u00e8ce embl\u00e9matique, et lui conf\u00e8re un style originale et avant gardiste pour le plaisir de ceux qui &hellip; BOMBER MA-JEAN EN NYLON ET PATCHWORK DE DENIM Read More &raquo;","og_url":"https:\/\/reemakeit.com\/en\/product\/bomber-ma-jean-en-nylon-et-patchwork-de-denim\/","og_site_name":"reemakeit.com","article_modified_time":"2024-05-24T19:32:01+00:00","og_image":[{"width":1708,"height":2560,"url":"https:\/\/reemakeit.com\/wp-content\/uploads\/2023\/11\/image00009-scaled.jpg","type":"image\/jpeg"}],"twitter_card":"summary_large_image","schema":{"@context":"https:\/\/schema.org","@graph":[{"@type":"WebPage","@id":"https:\/\/reemakeit.com\/product\/bomber-ma-jean-en-nylon-et-patchwork-de-denim\/","url":"https:\/\/reemakeit.com\/product\/bomber-ma-jean-en-nylon-et-patchwork-de-denim\/","name":"BOMBER MA-JEAN EN NYLON ET PATCHWORK DE DENIM - reemakeit.com","isPartOf":{"@id":"https:\/\/reemakeit.com\/#website"},"primaryImageOfPage":{"@id":"https:\/\/reemakeit.com\/product\/bomber-ma-jean-en-nylon-et-patchwork-de-denim\/#primaryimage"},"image":{"@id":"https:\/\/reemakeit.com\/product\/bomber-ma-jean-en-nylon-et-patchwork-de-denim\/#primaryimage"},"thumbnailUrl":"https:\/\/reemakeit.com\/wp-content\/uploads\/2023\/11\/image00009-scaled.jpg","datePublished":"2023-12-04T16:53:25+00:00","dateModified":"2024-05-24T19:32:01+00:00","breadcrumb":{"@id":"https:\/\/reemakeit.com\/product\/bomber-ma-jean-en-nylon-et-patchwork-de-denim\/#breadcrumb"},"inLanguage":"en-GB","potentialAction":[{"@type":"ReadAction","target":["https:\/\/reemakeit.com\/product\/bomber-ma-jean-en-nylon-et-patchwork-de-denim\/"]}]},{"@type":"ImageObject","inLanguage":"en-GB","@id":"https:\/\/reemakeit.com\/product\/bomber-ma-jean-en-nylon-et-patchwork-de-denim\/#primaryimage","url":"https:\/\/reemakeit.com\/wp-content\/uploads\/2023\/11\/image00009-scaled.jpg","contentUrl":"https:\/\/reemakeit.com\/wp-content\/uploads\/2023\/11\/image00009-scaled.jpg","width":1708,"height":2560},{"@type":"BreadcrumbList","@id":"https:\/\/reemakeit.com\/product\/bomber-ma-jean-en-nylon-et-patchwork-de-denim\/#breadcrumb","itemListElement":[{"@type":"ListItem","position":1,"name":"Accueil","item":"https:\/\/reemakeit.com\/"},{"@type":"ListItem","position":2,"name":"Shop","item":"https:\/\/reemakeit.com\/shop\/"},{"@type":"ListItem","position":3,"name":"BOMBER MA-JEAN EN NYLON ET PATCHWORK DE DENIM"}]},{"@type":"WebSite","@id":"https:\/\/reemakeit.com\/#website","url":"https:\/\/reemakeit.com\/","name":"reemakeit.com","description":"","publisher":{"@id":"https:\/\/reemakeit.com\/#organization"},"potentialAction":[{"@type":"SearchAction","target":{"@type":"EntryPoint","urlTemplate":"https:\/\/reemakeit.com\/?s={search_term_string}"},"query-input":"required name=search_term_string"}],"inLanguage":"en-GB"},{"@type":"Organization","@id":"https:\/\/reemakeit.com\/#organization","name":"reemakeit.com","url":"https:\/\/reemakeit.com\/","logo":{"@type":"ImageObject","inLanguage":"en-GB","@id":"https:\/\/reemakeit.com\/#\/schema\/logo\/image\/","url":"https:\/\/reemakeit.com\/wp-content\/uploads\/2023\/11\/image00092.jpeg","contentUrl":"https:\/\/reemakeit.com\/wp-content\/uploads\/2023\/11\/image00092.jpeg","width":1036,"height":652,"caption":"reemakeit.com"},"image":{"@id":"https:\/\/reemakeit.com\/#\/schema\/logo\/image\/"}}]}},"_links":{"self":[{"href":"https:\/\/reemakeit.com\/en\/wp-json\/wp\/v2\/product\/1549"}],"collection":[{"href":"https:\/\/reemakeit.com\/en\/wp-json\/wp\/v2\/product"}],"about":[{"href":"https:\/\/reemakeit.com\/en\/wp-json\/wp\/v2\/types\/product"}],"version-history":[{"count":2,"href":"https:\/\/reemakeit.com\/en\/wp-json\/wp\/v2\/product\/1549\/revisions"}],"predecessor-version":[{"id":1569,"href":"https:\/\/reemakeit.com\/en\/wp-json\/wp\/v2\/product\/1549\/revisions\/1569"}],"wp:featuredmedia":[{"embeddable":true,"href":"https:\/\/reemakeit.com\/en\/wp-json\/wp\/v2\/media\/1299"}],"wp:attachment":[{"href":"https:\/\/reemakeit.com\/en\/wp-json\/wp\/v2\/media?parent=1549"}],"wp:term":[{"taxonomy":"product_cat","embeddable":true,"href":"https:\/\/reemakeit.com\/en\/wp-json\/wp\/v2\/product_cat?post=1549"},{"taxonomy":"product_tag","embeddable":true,"href":"https:\/\/reemakeit.com\/en\/wp-json\/wp\/v2\/product_tag?post=1549"}],"curies":[{"name":"wp","href":"https:\/\/api.w.org\/{rel}","templated":true}]}}