{"id":1645,"date":"2024-04-07T22:08:38","date_gmt":"2024-04-07T20:08:38","guid":{"rendered":"https:\/\/reemakeit.com\/?post_type=product&#038;p=1645"},"modified":"2025-07-11T00:07:34","modified_gmt":"2025-07-10T22:07:34","slug":"bomber-90s-classic","status":"publish","type":"product","link":"https:\/\/reemakeit.com\/en\/product\/bomber-90s-classic\/","title":{"rendered":"BOMBER 90&rsquo;S CLASSIC\u00a0NAVY"},"content":{"rendered":"<p>BOMBER \u00a0\u00bb 90&rsquo;S CLASSIC \u00a0\u00bb<\/p>\n<p>Le Bomber \u00ab\u00a0 90&rsquo;s Classic \u00a0\u00bb en nylon et patchwork denim est issu de la Collection Reemake It pour l&rsquo;\u00c9t\u00e9 2024.<\/p>\n<p>Con\u00e7u pour \u00eatre port\u00e9 oversize ou tr\u00e8s ample, nous vous conseillons de choisir une taille en dessous pour le porter plus\u00a0pr\u00e8s\u00a0du\u00a0corps.<\/p>","protected":false},"excerpt":{"rendered":"<p>BOMBER \u00a0\u00bb 90&rsquo;S CLASSIC \u00a0\u00bb Le Bomber \u00ab\u00a0 90&rsquo;s Classic \u00a0\u00bb en nylon et patchwork denim est issu de la Collection Reemake It pour l&rsquo;\u00c9t\u00e9 2024. Con\u00e7u pour \u00eatre port\u00e9 oversize ou tr\u00e8s ample, nous vous conseillons de choisir une taille en dessous pour le porter plus\u00a0pr\u00e8s\u00a0du\u00a0corps.<\/p>","protected":false},"featured_media":1658,"template":"","meta":{"site-sidebar-layout":"default","site-content-layout":"","ast-site-content-layout":"default","site-content-style":"default","site-sidebar-style":"default","ast-global-header-display":"","ast-banner-title-visibility":"","ast-main-header-display":"","ast-hfb-above-header-display":"","ast-hfb-below-header-display":"","ast-hfb-mobile-header-display":"","site-post-title":"","ast-breadcrumbs-content":"","ast-featured-img":"","footer-sml-layout":"","theme-transparent-header-meta":"default","adv-header-id-meta":"","stick-header-meta":"","header-above-stick-meta":"","header-main-stick-meta":"","header-below-stick-meta":"","astra-migrate-meta-layouts":"set","ast-page-background-enabled":"default","ast-page-background-meta":{"desktop":{"background-color":"var(--ast-global-color-4)","background-image":"","background-repeat":"repeat","background-position":"center center","background-size":"auto","background-attachment":"scroll","background-type":"","background-media":"","overlay-type":"","overlay-color":"","overlay-gradient":""},"tablet":{"background-color":"","background-image":"","background-repeat":"repeat","background-position":"center center","background-size":"auto","background-attachment":"scroll","background-type":"","background-media":"","overlay-type":"","overlay-color":"","overlay-gradient":""},"mobile":{"background-color":"","background-image":"","background-repeat":"repeat","background-position":"center center","background-size":"auto","background-attachment":"scroll","background-type":"","background-media":"","overlay-type":"","overlay-color":"","overlay-gradient":""}},"ast-content-background-meta":{"desktop":{"background-color":"var(--ast-global-color-5)","background-image":"","background-repeat":"repeat","background-position":"center center","background-size":"auto","background-attachment":"scroll","background-type":"","background-media":"","overlay-type":"","overlay-color":"","overlay-gradient":""},"tablet":{"background-color":"var(--ast-global-color-5)","background-image":"","background-repeat":"repeat","background-position":"center center","background-size":"auto","background-attachment":"scroll","background-type":"","background-media":"","overlay-type":"","overlay-color":"","overlay-gradient":""},"mobile":{"background-color":"var(--ast-global-color-5)","background-image":"","background-repeat":"repeat","background-position":"center center","background-size":"auto","background-attachment":"scroll","background-type":"","background-media":"","overlay-type":"","overlay-color":"","overlay-gradient":""}}},"product_cat":[15],"product_tag":[],"yoast_head":"<!-- This site is optimized with the Yoast SEO plugin v22.4 - https:\/\/yoast.com\/wordpress\/plugins\/seo\/ -->\n<title>BOMBER 90&#039;S CLASSIC\u00a0NAVY - reemakeit.com<\/title>\n<meta name=\"robots\" content=\"index, follow, max-snippet:-1, max-image-preview:large, max-video-preview:-1\" \/>\n<link rel=\"canonical\" href=\"https:\/\/reemakeit.com\/en\/product\/bomber-90s-classic\/\" \/>\n<meta property=\"og:locale\" content=\"en_GB\" \/>\n<meta property=\"og:type\" content=\"article\" \/>\n<meta property=\"og:title\" content=\"BOMBER 90&#039;S CLASSIC\u00a0NAVY - reemakeit.com\" \/>\n<meta property=\"og:description\" content=\"BOMBER \u00a0\u00bb 90&rsquo;S CLASSIC \u00a0\u00bb Le Bomber \u00ab\u00a0 90&rsquo;s Classic \u00a0\u00bb en nylon et patchwork denim est issu de la Collection Reemake It pour l&rsquo;\u00c9t\u00e9 2024. Con\u00e7u pour \u00eatre port\u00e9 oversize ou tr\u00e8s ample, nous vous conseillons de choisir une taille en dessous pour le porter plus\u00a0pr\u00e8s\u00a0du\u00a0corps.\" \/>\n<meta property=\"og:url\" content=\"https:\/\/reemakeit.com\/en\/product\/bomber-90s-classic\/\" \/>\n<meta property=\"og:site_name\" content=\"reemakeit.com\" \/>\n<meta property=\"article:modified_time\" content=\"2025-07-10T22:07:34+00:00\" \/>\n<meta property=\"og:image\" content=\"https:\/\/reemakeit.com\/wp-content\/uploads\/2024\/04\/image00009-scaled-1500x2250-1.png\" \/>\n\t<meta property=\"og:image:width\" content=\"1500\" \/>\n\t<meta property=\"og:image:height\" content=\"2250\" \/>\n\t<meta property=\"og:image:type\" content=\"image\/png\" \/>\n<meta name=\"twitter:card\" content=\"summary_large_image\" \/>\n<meta name=\"twitter:label1\" content=\"Estimated reading time\" \/>\n\t<meta name=\"twitter:data1\" content=\"1 minute\" \/>\n<script type=\"application\/ld+json\" class=\"yoast-schema-graph\">{\"@context\":\"https:\/\/schema.org\",\"@graph\":[{\"@type\":\"WebPage\",\"@id\":\"https:\/\/reemakeit.com\/product\/bomber-90s-classic\/\",\"url\":\"https:\/\/reemakeit.com\/product\/bomber-90s-classic\/\",\"name\":\"BOMBER 90'S CLASSIC\u00a0NAVY - reemakeit.com\",\"isPartOf\":{\"@id\":\"https:\/\/reemakeit.com\/#website\"},\"primaryImageOfPage\":{\"@id\":\"https:\/\/reemakeit.com\/product\/bomber-90s-classic\/#primaryimage\"},\"image\":{\"@id\":\"https:\/\/reemakeit.com\/product\/bomber-90s-classic\/#primaryimage\"},\"thumbnailUrl\":\"https:\/\/reemakeit.com\/wp-content\/uploads\/2024\/04\/image00009-scaled-1500x2250-1.png\",\"datePublished\":\"2024-04-07T20:08:38+00:00\",\"dateModified\":\"2025-07-10T22:07:34+00:00\",\"breadcrumb\":{\"@id\":\"https:\/\/reemakeit.com\/product\/bomber-90s-classic\/#breadcrumb\"},\"inLanguage\":\"en-GB\",\"potentialAction\":[{\"@type\":\"ReadAction\",\"target\":[\"https:\/\/reemakeit.com\/product\/bomber-90s-classic\/\"]}]},{\"@type\":\"ImageObject\",\"inLanguage\":\"en-GB\",\"@id\":\"https:\/\/reemakeit.com\/product\/bomber-90s-classic\/#primaryimage\",\"url\":\"https:\/\/reemakeit.com\/wp-content\/uploads\/2024\/04\/image00009-scaled-1500x2250-1.png\",\"contentUrl\":\"https:\/\/reemakeit.com\/wp-content\/uploads\/2024\/04\/image00009-scaled-1500x2250-1.png\",\"width\":1500,\"height\":2250},{\"@type\":\"BreadcrumbList\",\"@id\":\"https:\/\/reemakeit.com\/product\/bomber-90s-classic\/#breadcrumb\",\"itemListElement\":[{\"@type\":\"ListItem\",\"position\":1,\"name\":\"Accueil\",\"item\":\"https:\/\/reemakeit.com\/\"},{\"@type\":\"ListItem\",\"position\":2,\"name\":\"Shop\",\"item\":\"https:\/\/reemakeit.com\/shop\/\"},{\"@type\":\"ListItem\",\"position\":3,\"name\":\"BOMBER 90&#8217;S CLASSIC\u00a0NAVY\"}]},{\"@type\":\"WebSite\",\"@id\":\"https:\/\/reemakeit.com\/#website\",\"url\":\"https:\/\/reemakeit.com\/\",\"name\":\"reemakeit.com\",\"description\":\"\",\"publisher\":{\"@id\":\"https:\/\/reemakeit.com\/#organization\"},\"potentialAction\":[{\"@type\":\"SearchAction\",\"target\":{\"@type\":\"EntryPoint\",\"urlTemplate\":\"https:\/\/reemakeit.com\/?s={search_term_string}\"},\"query-input\":\"required name=search_term_string\"}],\"inLanguage\":\"en-GB\"},{\"@type\":\"Organization\",\"@id\":\"https:\/\/reemakeit.com\/#organization\",\"name\":\"reemakeit.com\",\"url\":\"https:\/\/reemakeit.com\/\",\"logo\":{\"@type\":\"ImageObject\",\"inLanguage\":\"en-GB\",\"@id\":\"https:\/\/reemakeit.com\/#\/schema\/logo\/image\/\",\"url\":\"https:\/\/reemakeit.com\/wp-content\/uploads\/2023\/11\/image00092.jpeg\",\"contentUrl\":\"https:\/\/reemakeit.com\/wp-content\/uploads\/2023\/11\/image00092.jpeg\",\"width\":1036,\"height\":652,\"caption\":\"reemakeit.com\"},\"image\":{\"@id\":\"https:\/\/reemakeit.com\/#\/schema\/logo\/image\/\"}}]}<\/script>\n<!-- \/ Yoast SEO plugin. -->","yoast_head_json":{"title":"BOMBER 90'S CLASSIC\u00a0NAVY - reemakeit.com","robots":{"index":"index","follow":"follow","max-snippet":"max-snippet:-1","max-image-preview":"max-image-preview:large","max-video-preview":"max-video-preview:-1"},"canonical":"https:\/\/reemakeit.com\/en\/product\/bomber-90s-classic\/","og_locale":"en_GB","og_type":"article","og_title":"BOMBER 90'S CLASSIC\u00a0NAVY - reemakeit.com","og_description":"BOMBER \u00a0\u00bb 90&rsquo;S CLASSIC \u00a0\u00bb Le Bomber \u00ab\u00a0 90&rsquo;s Classic \u00a0\u00bb en nylon et patchwork denim est issu de la Collection Reemake It pour l&rsquo;\u00c9t\u00e9 2024. Con\u00e7u pour \u00eatre port\u00e9 oversize ou tr\u00e8s ample, nous vous conseillons de choisir une taille en dessous pour le porter plus\u00a0pr\u00e8s\u00a0du\u00a0corps.","og_url":"https:\/\/reemakeit.com\/en\/product\/bomber-90s-classic\/","og_site_name":"reemakeit.com","article_modified_time":"2025-07-10T22:07:34+00:00","og_image":[{"width":1500,"height":2250,"url":"https:\/\/reemakeit.com\/wp-content\/uploads\/2024\/04\/image00009-scaled-1500x2250-1.png","type":"image\/png"}],"twitter_card":"summary_large_image","twitter_misc":{"Estimated reading time":"1 minute"},"schema":{"@context":"https:\/\/schema.org","@graph":[{"@type":"WebPage","@id":"https:\/\/reemakeit.com\/product\/bomber-90s-classic\/","url":"https:\/\/reemakeit.com\/product\/bomber-90s-classic\/","name":"BOMBER 90'S CLASSIC\u00a0NAVY - reemakeit.com","isPartOf":{"@id":"https:\/\/reemakeit.com\/#website"},"primaryImageOfPage":{"@id":"https:\/\/reemakeit.com\/product\/bomber-90s-classic\/#primaryimage"},"image":{"@id":"https:\/\/reemakeit.com\/product\/bomber-90s-classic\/#primaryimage"},"thumbnailUrl":"https:\/\/reemakeit.com\/wp-content\/uploads\/2024\/04\/image00009-scaled-1500x2250-1.png","datePublished":"2024-04-07T20:08:38+00:00","dateModified":"2025-07-10T22:07:34+00:00","breadcrumb":{"@id":"https:\/\/reemakeit.com\/product\/bomber-90s-classic\/#breadcrumb"},"inLanguage":"en-GB","potentialAction":[{"@type":"ReadAction","target":["https:\/\/reemakeit.com\/product\/bomber-90s-classic\/"]}]},{"@type":"ImageObject","inLanguage":"en-GB","@id":"https:\/\/reemakeit.com\/product\/bomber-90s-classic\/#primaryimage","url":"https:\/\/reemakeit.com\/wp-content\/uploads\/2024\/04\/image00009-scaled-1500x2250-1.png","contentUrl":"https:\/\/reemakeit.com\/wp-content\/uploads\/2024\/04\/image00009-scaled-1500x2250-1.png","width":1500,"height":2250},{"@type":"BreadcrumbList","@id":"https:\/\/reemakeit.com\/product\/bomber-90s-classic\/#breadcrumb","itemListElement":[{"@type":"ListItem","position":1,"name":"Accueil","item":"https:\/\/reemakeit.com\/"},{"@type":"ListItem","position":2,"name":"Shop","item":"https:\/\/reemakeit.com\/shop\/"},{"@type":"ListItem","position":3,"name":"BOMBER 90&#8217;S CLASSIC\u00a0NAVY"}]},{"@type":"WebSite","@id":"https:\/\/reemakeit.com\/#website","url":"https:\/\/reemakeit.com\/","name":"reemakeit.com","description":"","publisher":{"@id":"https:\/\/reemakeit.com\/#organization"},"potentialAction":[{"@type":"SearchAction","target":{"@type":"EntryPoint","urlTemplate":"https:\/\/reemakeit.com\/?s={search_term_string}"},"query-input":"required name=search_term_string"}],"inLanguage":"en-GB"},{"@type":"Organization","@id":"https:\/\/reemakeit.com\/#organization","name":"reemakeit.com","url":"https:\/\/reemakeit.com\/","logo":{"@type":"ImageObject","inLanguage":"en-GB","@id":"https:\/\/reemakeit.com\/#\/schema\/logo\/image\/","url":"https:\/\/reemakeit.com\/wp-content\/uploads\/2023\/11\/image00092.jpeg","contentUrl":"https:\/\/reemakeit.com\/wp-content\/uploads\/2023\/11\/image00092.jpeg","width":1036,"height":652,"caption":"reemakeit.com"},"image":{"@id":"https:\/\/reemakeit.com\/#\/schema\/logo\/image\/"}}]}},"_links":{"self":[{"href":"https:\/\/reemakeit.com\/en\/wp-json\/wp\/v2\/product\/1645"}],"collection":[{"href":"https:\/\/reemakeit.com\/en\/wp-json\/wp\/v2\/product"}],"about":[{"href":"https:\/\/reemakeit.com\/en\/wp-json\/wp\/v2\/types\/product"}],"version-history":[{"count":4,"href":"https:\/\/reemakeit.com\/en\/wp-json\/wp\/v2\/product\/1645\/revisions"}],"predecessor-version":[{"id":1679,"href":"https:\/\/reemakeit.com\/en\/wp-json\/wp\/v2\/product\/1645\/revisions\/1679"}],"wp:featuredmedia":[{"embeddable":true,"href":"https:\/\/reemakeit.com\/en\/wp-json\/wp\/v2\/media\/1658"}],"wp:attachment":[{"href":"https:\/\/reemakeit.com\/en\/wp-json\/wp\/v2\/media?parent=1645"}],"wp:term":[{"taxonomy":"product_cat","embeddable":true,"href":"https:\/\/reemakeit.com\/en\/wp-json\/wp\/v2\/product_cat?post=1645"},{"taxonomy":"product_tag","embeddable":true,"href":"https:\/\/reemakeit.com\/en\/wp-json\/wp\/v2\/product_tag?post=1645"}],"curies":[{"name":"wp","href":"https:\/\/api.w.org\/{rel}","templated":true}]}}