{"id":1724,"date":"2025-06-30T10:35:52","date_gmt":"2025-06-30T08:35:52","guid":{"rendered":"https:\/\/reemakeit.com\/?post_type=product&#038;p=1724"},"modified":"2025-07-05T12:35:07","modified_gmt":"2025-07-05T10:35:07","slug":"short-en-jean-baggy-reemake-it-unisex-en-noir","status":"publish","type":"product","link":"https:\/\/reemakeit.com\/en\/product\/short-en-jean-baggy-reemake-it-unisex-en-noir\/","title":{"rendered":"SHORT EN JEAN BAGGY REEMAKE IT UNISEX EN NOIR"},"content":{"rendered":"<p>\u2022 Fermeture boutonn\u00e9e<\/p>\n<p dir=\"auto\">\u2022 5 passant de ceinture<\/p>\n<p dir=\"auto\">\u2022 4 poches<\/p>\n<p dir=\"auto\">\u2022 Patchwork Jean \u00e0 effet us\u00e9 \u00e0 l\u2019avant<\/p>\n<p dir=\"auto\">\u2022 Logo Reemake It en Jean \u00e0 l\u2019avant<\/p>\n<p dir=\"auto\">\u2022 Handmade Creation<\/p>\n<p dir=\"auto\">\u2022 Fabriqu\u00e9 en France<\/p>\n<p dir=\"auto\">\u2022 Le mannequin femme mesure 165cm et porte une taille XS<\/p>\n<p dir=\"auto\">\u2022 Le mannequin homme mesure 180cm et porte une taille M<\/p>","protected":false},"excerpt":{"rendered":"<p>\u2022 Fermeture boutonn\u00e9e \u2022 5 passant de ceinture \u2022 4 poches \u2022 Patchwork Jean \u00e0 effet us\u00e9 \u00e0 l\u2019avant \u2022 Logo Reemake It en Jean \u00e0 l\u2019avant \u2022 Handmade Creation \u2022 Fabriqu\u00e9 en France \u2022 Le mannequin femme mesure 165cm et porte une taille XS \u2022 Le mannequin homme mesure 180cm et porte une taille &hellip;<\/p>\n<p class=\"read-more\"> <a class=\"\" href=\"https:\/\/reemakeit.com\/en\/product\/short-en-jean-baggy-reemake-it-unisex-en-noir\/\"> <span class=\"screen-reader-text\">SHORT EN JEAN BAGGY REEMAKE IT UNISEX EN NOIR<\/span> Read More &raquo;<\/a><\/p>","protected":false},"featured_media":1816,"template":"","meta":{"site-sidebar-layout":"default","site-content-layout":"","ast-site-content-layout":"default","site-content-style":"default","site-sidebar-style":"default","ast-global-header-display":"","ast-banner-title-visibility":"","ast-main-header-display":"","ast-hfb-above-header-display":"","ast-hfb-below-header-display":"","ast-hfb-mobile-header-display":"","site-post-title":"","ast-breadcrumbs-content":"","ast-featured-img":"","footer-sml-layout":"","theme-transparent-header-meta":"default","adv-header-id-meta":"","stick-header-meta":"","header-above-stick-meta":"","header-main-stick-meta":"","header-below-stick-meta":"","astra-migrate-meta-layouts":"set","ast-page-background-enabled":"default","ast-page-background-meta":{"desktop":{"background-color":"var(--ast-global-color-4)","background-image":"","background-repeat":"repeat","background-position":"center center","background-size":"auto","background-attachment":"scroll","background-type":"","background-media":"","overlay-type":"","overlay-color":"","overlay-gradient":""},"tablet":{"background-color":"","background-image":"","background-repeat":"repeat","background-position":"center center","background-size":"auto","background-attachment":"scroll","background-type":"","background-media":"","overlay-type":"","overlay-color":"","overlay-gradient":""},"mobile":{"background-color":"","background-image":"","background-repeat":"repeat","background-position":"center center","background-size":"auto","background-attachment":"scroll","background-type":"","background-media":"","overlay-type":"","overlay-color":"","overlay-gradient":""}},"ast-content-background-meta":{"desktop":{"background-color":"var(--ast-global-color-5)","background-image":"","background-repeat":"repeat","background-position":"center center","background-size":"auto","background-attachment":"scroll","background-type":"","background-media":"","overlay-type":"","overlay-color":"","overlay-gradient":""},"tablet":{"background-color":"var(--ast-global-color-5)","background-image":"","background-repeat":"repeat","background-position":"center center","background-size":"auto","background-attachment":"scroll","background-type":"","background-media":"","overlay-type":"","overlay-color":"","overlay-gradient":""},"mobile":{"background-color":"var(--ast-global-color-5)","background-image":"","background-repeat":"repeat","background-position":"center center","background-size":"auto","background-attachment":"scroll","background-type":"","background-media":"","overlay-type":"","overlay-color":"","overlay-gradient":""}}},"product_cat":[40],"product_tag":[],"yoast_head":"<!-- This site is optimized with the Yoast SEO plugin v22.4 - https:\/\/yoast.com\/wordpress\/plugins\/seo\/ -->\n<title>SHORT EN JEAN BAGGY REEMAKE IT UNISEX EN NOIR - reemakeit.com<\/title>\n<meta name=\"robots\" content=\"index, follow, max-snippet:-1, max-image-preview:large, max-video-preview:-1\" \/>\n<link rel=\"canonical\" href=\"https:\/\/reemakeit.com\/en\/product\/short-en-jean-baggy-reemake-it-unisex-en-noir\/\" \/>\n<meta property=\"og:locale\" content=\"en_GB\" \/>\n<meta property=\"og:type\" content=\"article\" \/>\n<meta property=\"og:title\" content=\"SHORT EN JEAN BAGGY REEMAKE IT UNISEX EN NOIR - reemakeit.com\" \/>\n<meta property=\"og:description\" content=\"\u2022 Fermeture boutonn\u00e9e \u2022 5 passant de ceinture \u2022 4 poches \u2022 Patchwork Jean \u00e0 effet us\u00e9 \u00e0 l\u2019avant \u2022 Logo Reemake It en Jean \u00e0 l\u2019avant \u2022 Handmade Creation \u2022 Fabriqu\u00e9 en France \u2022 Le mannequin femme mesure 165cm et porte une taille XS \u2022 Le mannequin homme mesure 180cm et porte une taille &hellip; SHORT EN JEAN BAGGY REEMAKE IT UNISEX EN NOIR Read More &raquo;\" \/>\n<meta property=\"og:url\" content=\"https:\/\/reemakeit.com\/en\/product\/short-en-jean-baggy-reemake-it-unisex-en-noir\/\" \/>\n<meta property=\"og:site_name\" content=\"reemakeit.com\" \/>\n<meta property=\"article:modified_time\" content=\"2025-07-05T10:35:07+00:00\" \/>\n<meta property=\"og:image\" content=\"https:\/\/reemakeit.com\/wp-content\/uploads\/2025\/06\/IMG_7257-scaled.jpg\" \/>\n\t<meta property=\"og:image:width\" content=\"1708\" \/>\n\t<meta property=\"og:image:height\" content=\"2560\" \/>\n\t<meta property=\"og:image:type\" content=\"image\/jpeg\" \/>\n<meta name=\"twitter:card\" content=\"summary_large_image\" \/>\n<meta name=\"twitter:label1\" content=\"Estimated reading time\" \/>\n\t<meta name=\"twitter:data1\" content=\"1 minute\" \/>\n<script type=\"application\/ld+json\" class=\"yoast-schema-graph\">{\"@context\":\"https:\/\/schema.org\",\"@graph\":[{\"@type\":\"WebPage\",\"@id\":\"https:\/\/reemakeit.com\/product\/short-en-jean-baggy-reemake-it-unisex-en-noir\/\",\"url\":\"https:\/\/reemakeit.com\/product\/short-en-jean-baggy-reemake-it-unisex-en-noir\/\",\"name\":\"SHORT EN JEAN BAGGY REEMAKE IT UNISEX EN NOIR - reemakeit.com\",\"isPartOf\":{\"@id\":\"https:\/\/reemakeit.com\/#website\"},\"primaryImageOfPage\":{\"@id\":\"https:\/\/reemakeit.com\/product\/short-en-jean-baggy-reemake-it-unisex-en-noir\/#primaryimage\"},\"image\":{\"@id\":\"https:\/\/reemakeit.com\/product\/short-en-jean-baggy-reemake-it-unisex-en-noir\/#primaryimage\"},\"thumbnailUrl\":\"https:\/\/reemakeit.com\/wp-content\/uploads\/2025\/06\/IMG_7257-scaled.jpg\",\"datePublished\":\"2025-06-30T08:35:52+00:00\",\"dateModified\":\"2025-07-05T10:35:07+00:00\",\"breadcrumb\":{\"@id\":\"https:\/\/reemakeit.com\/product\/short-en-jean-baggy-reemake-it-unisex-en-noir\/#breadcrumb\"},\"inLanguage\":\"en-GB\",\"potentialAction\":[{\"@type\":\"ReadAction\",\"target\":[\"https:\/\/reemakeit.com\/product\/short-en-jean-baggy-reemake-it-unisex-en-noir\/\"]}]},{\"@type\":\"ImageObject\",\"inLanguage\":\"en-GB\",\"@id\":\"https:\/\/reemakeit.com\/product\/short-en-jean-baggy-reemake-it-unisex-en-noir\/#primaryimage\",\"url\":\"https:\/\/reemakeit.com\/wp-content\/uploads\/2025\/06\/IMG_7257-scaled.jpg\",\"contentUrl\":\"https:\/\/reemakeit.com\/wp-content\/uploads\/2025\/06\/IMG_7257-scaled.jpg\",\"width\":1708,\"height\":2560},{\"@type\":\"BreadcrumbList\",\"@id\":\"https:\/\/reemakeit.com\/product\/short-en-jean-baggy-reemake-it-unisex-en-noir\/#breadcrumb\",\"itemListElement\":[{\"@type\":\"ListItem\",\"position\":1,\"name\":\"Accueil\",\"item\":\"https:\/\/reemakeit.com\/\"},{\"@type\":\"ListItem\",\"position\":2,\"name\":\"Shop\",\"item\":\"https:\/\/reemakeit.com\/shop\/\"},{\"@type\":\"ListItem\",\"position\":3,\"name\":\"SHORT EN JEAN BAGGY REEMAKE IT UNISEX EN NOIR\"}]},{\"@type\":\"WebSite\",\"@id\":\"https:\/\/reemakeit.com\/#website\",\"url\":\"https:\/\/reemakeit.com\/\",\"name\":\"reemakeit.com\",\"description\":\"\",\"publisher\":{\"@id\":\"https:\/\/reemakeit.com\/#organization\"},\"potentialAction\":[{\"@type\":\"SearchAction\",\"target\":{\"@type\":\"EntryPoint\",\"urlTemplate\":\"https:\/\/reemakeit.com\/?s={search_term_string}\"},\"query-input\":\"required name=search_term_string\"}],\"inLanguage\":\"en-GB\"},{\"@type\":\"Organization\",\"@id\":\"https:\/\/reemakeit.com\/#organization\",\"name\":\"reemakeit.com\",\"url\":\"https:\/\/reemakeit.com\/\",\"logo\":{\"@type\":\"ImageObject\",\"inLanguage\":\"en-GB\",\"@id\":\"https:\/\/reemakeit.com\/#\/schema\/logo\/image\/\",\"url\":\"https:\/\/reemakeit.com\/wp-content\/uploads\/2023\/11\/image00092.jpeg\",\"contentUrl\":\"https:\/\/reemakeit.com\/wp-content\/uploads\/2023\/11\/image00092.jpeg\",\"width\":1036,\"height\":652,\"caption\":\"reemakeit.com\"},\"image\":{\"@id\":\"https:\/\/reemakeit.com\/#\/schema\/logo\/image\/\"}}]}<\/script>\n<!-- \/ Yoast SEO plugin. -->","yoast_head_json":{"title":"SHORT EN JEAN BAGGY REEMAKE IT UNISEX EN NOIR - reemakeit.com","robots":{"index":"index","follow":"follow","max-snippet":"max-snippet:-1","max-image-preview":"max-image-preview:large","max-video-preview":"max-video-preview:-1"},"canonical":"https:\/\/reemakeit.com\/en\/product\/short-en-jean-baggy-reemake-it-unisex-en-noir\/","og_locale":"en_GB","og_type":"article","og_title":"SHORT EN JEAN BAGGY REEMAKE IT UNISEX EN NOIR - reemakeit.com","og_description":"\u2022 Fermeture boutonn\u00e9e \u2022 5 passant de ceinture \u2022 4 poches \u2022 Patchwork Jean \u00e0 effet us\u00e9 \u00e0 l\u2019avant \u2022 Logo Reemake It en Jean \u00e0 l\u2019avant \u2022 Handmade Creation \u2022 Fabriqu\u00e9 en France \u2022 Le mannequin femme mesure 165cm et porte une taille XS \u2022 Le mannequin homme mesure 180cm et porte une taille &hellip; SHORT EN JEAN BAGGY REEMAKE IT UNISEX EN NOIR Read More &raquo;","og_url":"https:\/\/reemakeit.com\/en\/product\/short-en-jean-baggy-reemake-it-unisex-en-noir\/","og_site_name":"reemakeit.com","article_modified_time":"2025-07-05T10:35:07+00:00","og_image":[{"width":1708,"height":2560,"url":"https:\/\/reemakeit.com\/wp-content\/uploads\/2025\/06\/IMG_7257-scaled.jpg","type":"image\/jpeg"}],"twitter_card":"summary_large_image","twitter_misc":{"Estimated reading time":"1 minute"},"schema":{"@context":"https:\/\/schema.org","@graph":[{"@type":"WebPage","@id":"https:\/\/reemakeit.com\/product\/short-en-jean-baggy-reemake-it-unisex-en-noir\/","url":"https:\/\/reemakeit.com\/product\/short-en-jean-baggy-reemake-it-unisex-en-noir\/","name":"SHORT EN JEAN BAGGY REEMAKE IT UNISEX EN NOIR - reemakeit.com","isPartOf":{"@id":"https:\/\/reemakeit.com\/#website"},"primaryImageOfPage":{"@id":"https:\/\/reemakeit.com\/product\/short-en-jean-baggy-reemake-it-unisex-en-noir\/#primaryimage"},"image":{"@id":"https:\/\/reemakeit.com\/product\/short-en-jean-baggy-reemake-it-unisex-en-noir\/#primaryimage"},"thumbnailUrl":"https:\/\/reemakeit.com\/wp-content\/uploads\/2025\/06\/IMG_7257-scaled.jpg","datePublished":"2025-06-30T08:35:52+00:00","dateModified":"2025-07-05T10:35:07+00:00","breadcrumb":{"@id":"https:\/\/reemakeit.com\/product\/short-en-jean-baggy-reemake-it-unisex-en-noir\/#breadcrumb"},"inLanguage":"en-GB","potentialAction":[{"@type":"ReadAction","target":["https:\/\/reemakeit.com\/product\/short-en-jean-baggy-reemake-it-unisex-en-noir\/"]}]},{"@type":"ImageObject","inLanguage":"en-GB","@id":"https:\/\/reemakeit.com\/product\/short-en-jean-baggy-reemake-it-unisex-en-noir\/#primaryimage","url":"https:\/\/reemakeit.com\/wp-content\/uploads\/2025\/06\/IMG_7257-scaled.jpg","contentUrl":"https:\/\/reemakeit.com\/wp-content\/uploads\/2025\/06\/IMG_7257-scaled.jpg","width":1708,"height":2560},{"@type":"BreadcrumbList","@id":"https:\/\/reemakeit.com\/product\/short-en-jean-baggy-reemake-it-unisex-en-noir\/#breadcrumb","itemListElement":[{"@type":"ListItem","position":1,"name":"Accueil","item":"https:\/\/reemakeit.com\/"},{"@type":"ListItem","position":2,"name":"Shop","item":"https:\/\/reemakeit.com\/shop\/"},{"@type":"ListItem","position":3,"name":"SHORT EN JEAN BAGGY REEMAKE IT UNISEX EN NOIR"}]},{"@type":"WebSite","@id":"https:\/\/reemakeit.com\/#website","url":"https:\/\/reemakeit.com\/","name":"reemakeit.com","description":"","publisher":{"@id":"https:\/\/reemakeit.com\/#organization"},"potentialAction":[{"@type":"SearchAction","target":{"@type":"EntryPoint","urlTemplate":"https:\/\/reemakeit.com\/?s={search_term_string}"},"query-input":"required name=search_term_string"}],"inLanguage":"en-GB"},{"@type":"Organization","@id":"https:\/\/reemakeit.com\/#organization","name":"reemakeit.com","url":"https:\/\/reemakeit.com\/","logo":{"@type":"ImageObject","inLanguage":"en-GB","@id":"https:\/\/reemakeit.com\/#\/schema\/logo\/image\/","url":"https:\/\/reemakeit.com\/wp-content\/uploads\/2023\/11\/image00092.jpeg","contentUrl":"https:\/\/reemakeit.com\/wp-content\/uploads\/2023\/11\/image00092.jpeg","width":1036,"height":652,"caption":"reemakeit.com"},"image":{"@id":"https:\/\/reemakeit.com\/#\/schema\/logo\/image\/"}}]}},"_links":{"self":[{"href":"https:\/\/reemakeit.com\/en\/wp-json\/wp\/v2\/product\/1724"}],"collection":[{"href":"https:\/\/reemakeit.com\/en\/wp-json\/wp\/v2\/product"}],"about":[{"href":"https:\/\/reemakeit.com\/en\/wp-json\/wp\/v2\/types\/product"}],"version-history":[{"count":2,"href":"https:\/\/reemakeit.com\/en\/wp-json\/wp\/v2\/product\/1724\/revisions"}],"predecessor-version":[{"id":1853,"href":"https:\/\/reemakeit.com\/en\/wp-json\/wp\/v2\/product\/1724\/revisions\/1853"}],"wp:featuredmedia":[{"embeddable":true,"href":"https:\/\/reemakeit.com\/en\/wp-json\/wp\/v2\/media\/1816"}],"wp:attachment":[{"href":"https:\/\/reemakeit.com\/en\/wp-json\/wp\/v2\/media?parent=1724"}],"wp:term":[{"taxonomy":"product_cat","embeddable":true,"href":"https:\/\/reemakeit.com\/en\/wp-json\/wp\/v2\/product_cat?post=1724"},{"taxonomy":"product_tag","embeddable":true,"href":"https:\/\/reemakeit.com\/en\/wp-json\/wp\/v2\/product_tag?post=1724"}],"curies":[{"name":"wp","href":"https:\/\/api.w.org\/{rel}","templated":true}]}}